{"id":2341,"date":"2025-06-18T08:50:51","date_gmt":"2025-06-18T12:50:51","guid":{"rendered":"https:\/\/maxhorti.com\/notre-echo-dans-les-medias"},"modified":"2026-01-21T08:32:26","modified_gmt":"2026-01-21T13:32:26","slug":"our-echo-in-the-media","status":"publish","type":"page","link":"https:\/\/maxhorti.com\/en\/our-echo-in-the-media","title":{"rendered":"Notre echo"},"content":{"rendered":"\t\t<div data-elementor-type=\"wp-page\" data-elementor-id=\"2341\" class=\"elementor elementor-2341 elementor-420\" data-elementor-post-type=\"page\">\n\t\t\t\t<div class=\"elementor-element elementor-element-8cdb83f e-flex e-con-boxed e-con e-parent\" data-id=\"8cdb83f\" data-element_type=\"container\" data-settings=\"{&quot;background_background&quot;:&quot;classic&quot;}\">\n\t\t\t\t\t<div class=\"e-con-inner\">\n\t\t<div class=\"elementor-element elementor-element-ec920b3 e-flex e-con-boxed e-con e-child\" data-id=\"ec920b3\" data-element_type=\"container\">\n\t\t\t\t\t<div class=\"e-con-inner\">\n\t\t\t\t<div class=\"elementor-element elementor-element-d5f1ec5 elementor-absolute elementor-widget__width-initial elementor-widget elementor-widget-image\" data-id=\"d5f1ec5\" data-element_type=\"widget\" data-settings=\"{&quot;_position&quot;:&quot;absolute&quot;}\" data-widget_type=\"image.default\">\n\t\t\t\t<div class=\"elementor-widget-container\">\n\t\t\t\t\t\t\t\t\t\t\t\t\t\t\t<img loading=\"lazy\" decoding=\"async\" width=\"918\" height=\"715\" src=\"https:\/\/maxhorti.com\/wp-content\/uploads\/2025\/06\/M_clear.png\" class=\"attachment-full size-full wp-image-621\" alt=\"\" srcset=\"https:\/\/maxhorti.com\/wp-content\/uploads\/2025\/06\/M_clear.png 918w, https:\/\/maxhorti.com\/wp-content\/uploads\/2025\/06\/M_clear-300x234.png 300w, https:\/\/maxhorti.com\/wp-content\/uploads\/2025\/06\/M_clear-768x598.png 768w\" sizes=\"auto, (max-width: 918px) 100vw, 918px\" title=\"\">\t\t\t\t\t\t\t\t\t\t\t\t\t\t\t<\/div>\n\t\t\t\t<\/div>\n\t\t\t\t\t<\/div>\n\t\t\t\t<\/div>\n\t\t\t\t\t<\/div>\n\t\t\t\t<\/div>\n\t\t<div class=\"elementor-element elementor-element-f7af999 e-flex e-con-boxed e-con e-parent\" data-id=\"f7af999\" data-element_type=\"container\" data-settings=\"{&quot;background_background&quot;:&quot;classic&quot;}\">\n\t\t\t\t\t<div class=\"e-con-inner\">\n\t\t\t\t<div class=\"elementor-element elementor-element-da77431 elementor-widget elementor-widget-heading\" data-id=\"da77431\" data-element_type=\"widget\" data-widget_type=\"heading.default\">\n\t\t\t\t<div class=\"elementor-widget-container\">\n\t\t\t\t\t<h1 class=\"elementor-heading-title elementor-size-default\">\nWhere outstanding landscape<br> <em>expertise captures<br class=\"mobile-only\"> every glance<\/em><\/h1>\t\t\t\t<\/div>\n\t\t\t\t<\/div>\n\t\t\t\t<div class=\"elementor-element elementor-element-889fe97 diff-font elementor-widget elementor-widget-text-editor\" data-id=\"889fe97\" data-element_type=\"widget\" data-widget_type=\"text-editor.default\">\n\t\t\t\t<div class=\"elementor-widget-container\">\n\t\t\t\t\t\t\t\t\t<em>We shape<\/em> beauty. <em>Respect<\/em> nature. <em>Elevate<\/em> structures.\t\t\t\t\t\t\t\t<\/div>\n\t\t\t\t<\/div>\n\t\t<div class=\"elementor-element elementor-element-0fbd3a6 e-con-full e-flex e-con e-child\" data-id=\"0fbd3a6\" data-element_type=\"container\">\n\t\t<div class=\"elementor-element elementor-element-438a99e e-con-full e-flex e-con e-child\" data-id=\"438a99e\" data-element_type=\"container\">\n\t\t\t\t<div class=\"elementor-element elementor-element-6de9a71 elementor-widget__width-initial elementor-widget elementor-widget-text-editor\" data-id=\"6de9a71\" data-element_type=\"widget\" data-widget_type=\"text-editor.default\">\n\t\t\t\t<div class=\"elementor-widget-container\">\n\t\t\t\t\t\t\t\t\tOur Echo showcases the media spotlight on Maxhorti\u2019s signature landscapes. From private estates to public spaces, each project stands out through refined architectural integration, a unique aesthetic, and a deep commitment to&nbsp;sustainability.\t\t\t\t\t\t\t\t<\/div>\n\t\t\t\t<\/div>\n\t\t\t\t<\/div>\n\t\t<div class=\"elementor-element elementor-element-2a0b5b0 e-con-full e-flex e-con e-child\" data-id=\"2a0b5b0\" data-element_type=\"container\">\n\t\t\t\t<div class=\"elementor-element elementor-element-2cc721d elementor-widget__width-initial elementor-widget elementor-widget-text-editor\" data-id=\"2cc721d\" data-element_type=\"widget\" data-widget_type=\"text-editor.default\">\n\t\t\t\t<div class=\"elementor-widget-container\">\n\t\t\t\t\t\t\t\t\t<p>Celebrated in renowned publications like <em>Hello! Canada<\/em>, <em>La Semaine<\/em>, <em>Le Droit<\/em>, and <em>D\u00e9corHomme<\/em>, our work resonates far beyond the garden. These landscapes\u00a0inspire boldness, prestige, and respect of Nature\u00a0brought to life through our singular<\/p>\t\t\t\t\t\t\t\t<\/div>\n\t\t\t\t<\/div>\n\t\t\t\t<\/div>\n\t\t\t\t<\/div>\n\t\t<div data-premium-element-link=\"{&quot;type&quot;:&quot;url&quot;,&quot;link&quot;:{&quot;url&quot;:&quot;https:\\\/\\\/maxhorti.com\\\/en\\\/contact-us&quot;,&quot;is_external&quot;:&quot;&quot;,&quot;nofollow&quot;:&quot;&quot;,&quot;custom_attributes&quot;:&quot;&quot;},&quot;href&quot;:&quot;https:\\\/\\\/maxhorti.com\\\/en\\\/contact-us&quot;}\" style=\"cursor: pointer\" class=\"elementor-element elementor-element-d51fd83 e-con-full premium-wrapper-link-yes e-flex e-con e-child\" data-id=\"d51fd83\" data-element_type=\"container\">\n\t\t<div class=\"elementor-element elementor-element-5c57374 btn-text e-transform e-flex e-con-boxed e-con e-child\" data-id=\"5c57374\" data-element_type=\"container\" data-settings=\"{&quot;_transform_translateX_effect&quot;:{&quot;unit&quot;:&quot;px&quot;,&quot;size&quot;:-25,&quot;sizes&quot;:[]},&quot;_transform_translateX_effect_tablet&quot;:{&quot;unit&quot;:&quot;px&quot;,&quot;size&quot;:0,&quot;sizes&quot;:[]},&quot;_transform_translateX_effect_widescreen&quot;:{&quot;unit&quot;:&quot;px&quot;,&quot;size&quot;:&quot;&quot;,&quot;sizes&quot;:[]},&quot;_transform_translateX_effect_laptop&quot;:{&quot;unit&quot;:&quot;px&quot;,&quot;size&quot;:&quot;&quot;,&quot;sizes&quot;:[]},&quot;_transform_translateX_effect_tablet_extra&quot;:{&quot;unit&quot;:&quot;px&quot;,&quot;size&quot;:&quot;&quot;,&quot;sizes&quot;:[]},&quot;_transform_translateX_effect_mobile_extra&quot;:{&quot;unit&quot;:&quot;px&quot;,&quot;size&quot;:&quot;&quot;,&quot;sizes&quot;:[]},&quot;_transform_translateX_effect_mobile&quot;:{&quot;unit&quot;:&quot;px&quot;,&quot;size&quot;:&quot;&quot;,&quot;sizes&quot;:[]},&quot;_transform_translateY_effect&quot;:{&quot;unit&quot;:&quot;px&quot;,&quot;size&quot;:&quot;&quot;,&quot;sizes&quot;:[]},&quot;_transform_translateY_effect_widescreen&quot;:{&quot;unit&quot;:&quot;px&quot;,&quot;size&quot;:&quot;&quot;,&quot;sizes&quot;:[]},&quot;_transform_translateY_effect_laptop&quot;:{&quot;unit&quot;:&quot;px&quot;,&quot;size&quot;:&quot;&quot;,&quot;sizes&quot;:[]},&quot;_transform_translateY_effect_tablet_extra&quot;:{&quot;unit&quot;:&quot;px&quot;,&quot;size&quot;:&quot;&quot;,&quot;sizes&quot;:[]},&quot;_transform_translateY_effect_tablet&quot;:{&quot;unit&quot;:&quot;px&quot;,&quot;size&quot;:&quot;&quot;,&quot;sizes&quot;:[]},&quot;_transform_translateY_effect_mobile_extra&quot;:{&quot;unit&quot;:&quot;px&quot;,&quot;size&quot;:&quot;&quot;,&quot;sizes&quot;:[]},&quot;_transform_translateY_effect_mobile&quot;:{&quot;unit&quot;:&quot;px&quot;,&quot;size&quot;:&quot;&quot;,&quot;sizes&quot;:[]}}\">\n\t\t\t\t\t<div class=\"e-con-inner\">\n\t\t\t\t<div class=\"elementor-element elementor-element-0df5930 elementor-widget-mobile_extra__width-initial elementor-widget-mobile__width-initial elementor-widget elementor-widget-text-editor\" data-id=\"0df5930\" data-element_type=\"widget\" data-widget_type=\"text-editor.default\">\n\t\t\t\t<div class=\"elementor-widget-container\">\n\t\t\t\t\t\t\t\t\t<p>WANT TO LEARN MORE?<\/p>\t\t\t\t\t\t\t\t<\/div>\n\t\t\t\t<\/div>\n\t\t\t\t<div class=\"elementor-element elementor-element-251074e elementor-widget-mobile_extra__width-initial elementor-widget elementor-widget-text-editor\" data-id=\"251074e\" data-element_type=\"widget\" data-widget_type=\"text-editor.default\">\n\t\t\t\t<div class=\"elementor-widget-container\">\n\t\t\t\t\t\t\t\t\t<p>Let\u2019s talk about your project.<\/p>\t\t\t\t\t\t\t\t<\/div>\n\t\t\t\t<\/div>\n\t\t\t\t\t<\/div>\n\t\t\t\t<\/div>\n\t\t\t\t<\/div>\n\t\t\t\t\t<\/div>\n\t\t\t\t<\/div>\n\t\t<div class=\"elementor-element elementor-element-981381c e-con-full e-flex e-con e-parent\" data-id=\"981381c\" data-element_type=\"container\" data-settings=\"{&quot;background_background&quot;:&quot;classic&quot;,&quot;background_motion_fx_motion_fx_scrolling&quot;:&quot;yes&quot;,&quot;background_motion_fx_devices&quot;:[&quot;widescreen&quot;,&quot;desktop&quot;,&quot;laptop&quot;,&quot;tablet_extra&quot;,&quot;tablet&quot;],&quot;background_motion_fx_range&quot;:&quot;viewport&quot;}\">\n\t\t<div class=\"elementor-element elementor-element-9397b3b e-flex e-con-boxed e-con e-child\" data-id=\"9397b3b\" data-element_type=\"container\">\n\t\t\t\t\t<div class=\"e-con-inner\">\n\t\t<div class=\"elementor-element elementor-element-19738d1 e-con-full e-flex e-con e-child\" data-id=\"19738d1\" data-element_type=\"container\">\n\t\t\t\t<div class=\"elementor-element elementor-element-346eef7 elementor-widget elementor-widget-heading\" data-id=\"346eef7\" data-element_type=\"widget\" data-widget_type=\"heading.default\">\n\t\t\t\t<div class=\"elementor-widget-container\">\n\t\t\t\t\t<h2 class=\"elementor-heading-title elementor-size-default\">L'\u00e2ge de pierre<\/h2>\t\t\t\t<\/div>\n\t\t\t\t<\/div>\n\t\t\t\t<div class=\"elementor-element elementor-element-8b2dfd4 elementor-widget elementor-widget-text-editor\" data-id=\"8b2dfd4\" data-element_type=\"widget\" data-widget_type=\"text-editor.default\">\n\t\t\t\t<div class=\"elementor-widget-container\">\n\t\t\t\t\t\t\t\t\t<p><a href=\"https:\/\/maxhorti.com\/wp-content\/uploads\/2026\/01\/1_article_COTE_JARDIN.pdf\" target=\"_blank\" rel=\"noopener\">C\u00f4t\u00e9 jardin<\/a><\/p>\t\t\t\t\t\t\t\t<\/div>\n\t\t\t\t<\/div>\n\t\t\t\t<\/div>\n\t\t<div class=\"elementor-element elementor-element-75d8c39 e-con-full e-flex e-con e-child\" data-id=\"75d8c39\" data-element_type=\"container\">\n\t\t\t\t<div class=\"elementor-element elementor-element-0e2131e elementor-widget elementor-widget-heading\" data-id=\"0e2131e\" data-element_type=\"widget\" data-widget_type=\"heading.default\">\n\t\t\t\t<div class=\"elementor-widget-container\">\n\t\t\t\t\t<h2 class=\"elementor-heading-title elementor-size-default\">Un menhir dans son jardin<\/h2>\t\t\t\t<\/div>\n\t\t\t\t<\/div>\n\t\t\t\t<div class=\"elementor-element elementor-element-e216b53 elementor-widget elementor-widget-text-editor\" data-id=\"e216b53\" data-element_type=\"widget\" data-widget_type=\"text-editor.default\">\n\t\t\t\t<div class=\"elementor-widget-container\">\n\t\t\t\t\t\t\t\t\t<p><a href=\"https:\/\/maxhorti.com\/wp-content\/uploads\/2026\/01\/4_article_Quebec_Vert_oct2007.pdf\" target=\"_blank\" rel=\"noopener\">Qu\u00e9bec<\/a><\/p>\t\t\t\t\t\t\t\t<\/div>\n\t\t\t\t<\/div>\n\t\t\t\t<\/div>\n\t\t<div class=\"elementor-element elementor-element-955412f e-con-full e-flex e-con e-child\" data-id=\"955412f\" data-element_type=\"container\">\n\t\t\t\t<div class=\"elementor-element elementor-element-875c55e elementor-widget elementor-widget-heading\" data-id=\"875c55e\" data-element_type=\"widget\" data-widget_type=\"heading.default\">\n\t\t\t\t<div class=\"elementor-widget-container\">\n\t\t\t\t\t<h2 class=\"elementor-heading-title elementor-size-default\">Un refuge familial \u00e0 la&nbsp;campagne<\/h2>\t\t\t\t<\/div>\n\t\t\t\t<\/div>\n\t\t\t\t<div class=\"elementor-element elementor-element-65bc60e elementor-widget elementor-widget-text-editor\" data-id=\"65bc60e\" data-element_type=\"widget\" data-widget_type=\"text-editor.default\">\n\t\t\t\t<div class=\"elementor-widget-container\">\n\t\t\t\t\t\t\t\t\t<p><a href=\"https:\/\/maxhorti.com\/wp-content\/uploads\/2026\/01\/2_article_La_Semaine_LiseWatier.pdf\" target=\"_blank\" rel=\"noopener\">La Semaine<\/a><\/p>\t\t\t\t\t\t\t\t<\/div>\n\t\t\t\t<\/div>\n\t\t\t\t<\/div>\n\t\t<div class=\"elementor-element elementor-element-a2a8f68 e-con-full e-flex e-con e-child\" data-id=\"a2a8f68\" data-element_type=\"container\">\n\t\t\t\t<div class=\"elementor-element elementor-element-f3c0846 elementor-widget elementor-widget-heading\" data-id=\"f3c0846\" data-element_type=\"widget\" data-widget_type=\"heading.default\">\n\t\t\t\t<div class=\"elementor-widget-container\">\n\t\t\t\t\t<h2 class=\"elementor-heading-title elementor-size-default\">Originalit\u00e9 et respect de la nature<\/h2>\t\t\t\t<\/div>\n\t\t\t\t<\/div>\n\t\t\t\t<div class=\"elementor-element elementor-element-ba9611d elementor-widget elementor-widget-text-editor\" data-id=\"ba9611d\" data-element_type=\"widget\" data-widget_type=\"text-editor.default\">\n\t\t\t\t<div class=\"elementor-widget-container\">\n\t\t\t\t\t\t\t\t\t<p><a href=\"https:\/\/maxhorti.com\/wp-content\/uploads\/2026\/01\/5_DecorHomme-Printemps06.jpg\" target=\"_blank\" rel=\"noopener\">D\u00e9corHomme<\/a><\/p>\t\t\t\t\t\t\t\t<\/div>\n\t\t\t\t<\/div>\n\t\t\t\t<\/div>\n\t\t<div class=\"elementor-element elementor-element-b59cc7f e-con-full e-flex e-con e-child\" data-id=\"b59cc7f\" data-element_type=\"container\">\n\t\t\t\t<div class=\"elementor-element elementor-element-c543959 elementor-widget elementor-widget-heading\" data-id=\"c543959\" data-element_type=\"widget\" data-widget_type=\"heading.default\">\n\t\t\t\t<div class=\"elementor-widget-container\">\n\t\t\t\t\t<h2 class=\"elementor-heading-title elementor-size-default\">De v\u00e9ritables menhirs pour... d\u00e9corer votre cour arri\u00e8re!<\/h2>\t\t\t\t<\/div>\n\t\t\t\t<\/div>\n\t\t\t\t<div class=\"elementor-element elementor-element-2470e6a elementor-widget elementor-widget-text-editor\" data-id=\"2470e6a\" data-element_type=\"widget\" data-widget_type=\"text-editor.default\">\n\t\t\t\t<div class=\"elementor-widget-container\">\n\t\t\t\t\t\t\t\t\t<p><a href=\"https:\/\/maxhorti.com\/wp-content\/uploads\/2026\/01\/3_article_Le_Droit_photos.pdf\" target=\"_blank\" rel=\"noopener\">Le Droit<\/a><\/p>\t\t\t\t\t\t\t\t<\/div>\n\t\t\t\t<\/div>\n\t\t\t\t<\/div>\n\t\t\t\t\t<\/div>\n\t\t\t\t<\/div>\n\t\t\t\t<\/div>\n\t\t\t\t<\/div>\n\t\t","protected":false},"excerpt":{"rendered":"<p>Where outstanding landscape expertise captures every glance We shape beauty. Respect nature. Elevate structures.Our Echo showcases the media spotlight on Maxhorti\u2019s signature landscapes. From private estates to public spaces, each project stands out through refined architectural integration, a unique aesthetic, and a deep commitment to&nbsp;sustainability. Celebrated in renowned publications like Hello! Canada, La Semaine, Le [&hellip;]<\/p>\n","protected":false},"author":1,"featured_media":0,"parent":0,"menu_order":0,"comment_status":"closed","ping_status":"closed","template":"elementor_header_footer","meta":{"footnotes":""},"class_list":["post-2341","page","type-page","status-publish","hentry"],"_links":{"self":[{"href":"https:\/\/maxhorti.com\/en\/wp-json\/wp\/v2\/pages\/2341","targetHints":{"allow":["GET"]}}],"collection":[{"href":"https:\/\/maxhorti.com\/en\/wp-json\/wp\/v2\/pages"}],"about":[{"href":"https:\/\/maxhorti.com\/en\/wp-json\/wp\/v2\/types\/page"}],"author":[{"embeddable":true,"href":"https:\/\/maxhorti.com\/en\/wp-json\/wp\/v2\/users\/1"}],"replies":[{"embeddable":true,"href":"https:\/\/maxhorti.com\/en\/wp-json\/wp\/v2\/comments?post=2341"}],"version-history":[{"count":30,"href":"https:\/\/maxhorti.com\/en\/wp-json\/wp\/v2\/pages\/2341\/revisions"}],"predecessor-version":[{"id":3828,"href":"https:\/\/maxhorti.com\/en\/wp-json\/wp\/v2\/pages\/2341\/revisions\/3828"}],"wp:attachment":[{"href":"https:\/\/maxhorti.com\/en\/wp-json\/wp\/v2\/media?parent=2341"}],"curies":[{"name":"wp","href":"https:\/\/api.w.org\/{rel}","templated":true}]}}